{"id":784,"date":"2025-08-20T14:48:07","date_gmt":"2025-08-20T12:48:07","guid":{"rendered":"https:\/\/dabas.vdevs.eu\/proizvod\/minnie-mouse-disney-plisana-igracka-40cm\/"},"modified":"2025-08-20T14:48:07","modified_gmt":"2025-08-20T12:48:07","slug":"minnie-mouse-disney-plisana-igracka-40cm","status":"publish","type":"product","link":"https:\/\/dabas.vdevs.eu\/en\/proizvod\/minnie-mouse-disney-plisana-igracka-40cm\/","title":{"rendered":"Minnie Mouse Disney pli\u0161ana igra\u010dka 40cm"},"content":{"rendered":"<p><P>Minnie Mouse Disney pli\u0161ana igra\u010dka&nbsp;40cm<\/P>  <P>Pli\u0161ana igra\u010dka<BR><STRONG>Veli\u010dina:<\/STRONG> 40cm<BR><STRONG>Materijal:<\/STRONG> mekani pli\u0161<BR><STRONG>Preporu\u010dena dob:<\/STRONG> 3+ godine <BR><STRONG>Brend:<\/STRONG> Disney Minnie Mouse<BR><STRONG>Proizvo\u0111a\u010d:<\/STRONG> Play by Play<\/P>  <P>Pli\u0161anci su neizostavni dio odrastanja, pove\u010dajte svoju&nbsp;ekipu i dodajte prekrasnu Minnie Mouse Disney od super mekog&nbsp;pli\u0161a<\/P><\/p>\n<p>8425611394683<\/p>\n","protected":false},"excerpt":{"rendered":"<p>Pli\u0161anci su neizostavni dio odrastanja, pove\u010dajte svoju ekipu i dodajte prekrasnu Minnie Mouse Disney od super mekog pli\u0161a<\/p>\n","protected":false},"featured_media":850,"comment_status":"open","ping_status":"open","template":"","meta":{"_acf_changed":false},"product_brand":[],"product_cat":[214],"product_tag":[488,487],"proizvodac":[],"serijal":[],"kolekcija":[],"licenca":[],"class_list":{"0":"post-784","1":"product","2":"type-product","3":"status-publish","4":"has-post-thumbnail","6":"product_cat-4-plic","7":"product_tag-disney","8":"product_tag-plisanci-crtani-likovi","10":"first","11":"instock","12":"taxable","13":"shipping-taxable","14":"purchasable","15":"product-type-simple"},"acf":[],"_links":{"self":[{"href":"https:\/\/dabas.vdevs.eu\/en\/wp-json\/wp\/v2\/product\/784","targetHints":{"allow":["GET"]}}],"collection":[{"href":"https:\/\/dabas.vdevs.eu\/en\/wp-json\/wp\/v2\/product"}],"about":[{"href":"https:\/\/dabas.vdevs.eu\/en\/wp-json\/wp\/v2\/types\/product"}],"replies":[{"embeddable":true,"href":"https:\/\/dabas.vdevs.eu\/en\/wp-json\/wp\/v2\/comments?post=784"}],"wp:featuredmedia":[{"embeddable":true,"href":"https:\/\/dabas.vdevs.eu\/en\/wp-json\/wp\/v2\/media\/850"}],"wp:attachment":[{"href":"https:\/\/dabas.vdevs.eu\/en\/wp-json\/wp\/v2\/media?parent=784"}],"wp:term":[{"taxonomy":"product_brand","embeddable":true,"href":"https:\/\/dabas.vdevs.eu\/en\/wp-json\/wp\/v2\/product_brand?post=784"},{"taxonomy":"product_cat","embeddable":true,"href":"https:\/\/dabas.vdevs.eu\/en\/wp-json\/wp\/v2\/product_cat?post=784"},{"taxonomy":"product_tag","embeddable":true,"href":"https:\/\/dabas.vdevs.eu\/en\/wp-json\/wp\/v2\/product_tag?post=784"},{"taxonomy":"proizvodac","embeddable":true,"href":"https:\/\/dabas.vdevs.eu\/en\/wp-json\/wp\/v2\/proizvodac?post=784"},{"taxonomy":"serijal","embeddable":true,"href":"https:\/\/dabas.vdevs.eu\/en\/wp-json\/wp\/v2\/serijal?post=784"},{"taxonomy":"kolekcija","embeddable":true,"href":"https:\/\/dabas.vdevs.eu\/en\/wp-json\/wp\/v2\/kolekcija?post=784"},{"taxonomy":"licenca","embeddable":true,"href":"https:\/\/dabas.vdevs.eu\/en\/wp-json\/wp\/v2\/licenca?post=784"}],"curies":[{"name":"wp","href":"https:\/\/api.w.org\/{rel}","templated":true}]}}