{"id":781,"date":"2025-08-20T14:48:07","date_gmt":"2025-08-20T12:48:07","guid":{"rendered":"https:\/\/dabas.vdevs.eu\/proizvod\/jujutsu-kaisen-maximatic-yuji-itadori-figura-18cm\/"},"modified":"2025-08-20T14:48:07","modified_gmt":"2025-08-20T12:48:07","slug":"jujutsu-kaisen-maximatic-yuji-itadori-figura-18cm","status":"publish","type":"product","link":"https:\/\/dabas.vdevs.eu\/en\/proizvod\/jujutsu-kaisen-maximatic-yuji-itadori-figura-18cm\/","title":{"rendered":"Jujutsu Kaisen Maximatic Yuji Itadori figura 18cm"},"content":{"rendered":"<p><P>Jujutsu Kaisen Maximatic Yuji Itadori figura&nbsp;18cm<\/P>  <P><STRONG>Veli\u010dina:<\/STRONG> 18 cm<BR><STRONG>Preporu\u010dena dob:<\/STRONG> +15 godina<BR>&#8220;Maximatic&#8221; je Bandaijeva serija figura maksimalnih veli\u010dina, oblikovanja i tehnika bojanja.<BR><STRONG>Brend:<\/STRONG> Banpresto<BR><STRONG>Proizvo\u0111a\u010d:<\/STRONG> BANDAI<\/P>  <P>Yuji Itadori, srednjo\u0161kolac ba\u010den u svijet \u010daronja\u0161tva, glavni lik popularne mange i anime serije Jujutsu Kaisen, idealna je figurica za kolekciju!<\/P><\/p>\n<p>4983164188806<\/p>\n","protected":false},"excerpt":{"rendered":"<p>Yuji Itadori, srednjo\u0161kolac ba\u010den u svijet \u010daronja\u0161tva, glavni lik popularne mange i anime serije Jujutsu Kaisen, idealna je figurica za kolekciju!<\/p>\n","protected":false},"featured_media":834,"comment_status":"open","ping_status":"open","template":"","meta":{"_acf_changed":false},"product_brand":[],"product_cat":[206],"product_tag":[21,22,23,482,25],"proizvodac":[],"serijal":[],"kolekcija":[],"licenca":[],"class_list":{"0":"post-781","1":"product","2":"type-product","3":"status-publish","4":"has-post-thumbnail","6":"product_cat-2-kf","7":"product_tag-anime","8":"product_tag-bandai","9":"product_tag-banpresto","10":"product_tag-jujutsu-kaisen","11":"product_tag-kolekcionarske-figure","13":"first","14":"instock","15":"taxable","16":"shipping-taxable","17":"purchasable","18":"product-type-simple"},"acf":[],"_links":{"self":[{"href":"https:\/\/dabas.vdevs.eu\/en\/wp-json\/wp\/v2\/product\/781","targetHints":{"allow":["GET"]}}],"collection":[{"href":"https:\/\/dabas.vdevs.eu\/en\/wp-json\/wp\/v2\/product"}],"about":[{"href":"https:\/\/dabas.vdevs.eu\/en\/wp-json\/wp\/v2\/types\/product"}],"replies":[{"embeddable":true,"href":"https:\/\/dabas.vdevs.eu\/en\/wp-json\/wp\/v2\/comments?post=781"}],"wp:featuredmedia":[{"embeddable":true,"href":"https:\/\/dabas.vdevs.eu\/en\/wp-json\/wp\/v2\/media\/834"}],"wp:attachment":[{"href":"https:\/\/dabas.vdevs.eu\/en\/wp-json\/wp\/v2\/media?parent=781"}],"wp:term":[{"taxonomy":"product_brand","embeddable":true,"href":"https:\/\/dabas.vdevs.eu\/en\/wp-json\/wp\/v2\/product_brand?post=781"},{"taxonomy":"product_cat","embeddable":true,"href":"https:\/\/dabas.vdevs.eu\/en\/wp-json\/wp\/v2\/product_cat?post=781"},{"taxonomy":"product_tag","embeddable":true,"href":"https:\/\/dabas.vdevs.eu\/en\/wp-json\/wp\/v2\/product_tag?post=781"},{"taxonomy":"proizvodac","embeddable":true,"href":"https:\/\/dabas.vdevs.eu\/en\/wp-json\/wp\/v2\/proizvodac?post=781"},{"taxonomy":"serijal","embeddable":true,"href":"https:\/\/dabas.vdevs.eu\/en\/wp-json\/wp\/v2\/serijal?post=781"},{"taxonomy":"kolekcija","embeddable":true,"href":"https:\/\/dabas.vdevs.eu\/en\/wp-json\/wp\/v2\/kolekcija?post=781"},{"taxonomy":"licenca","embeddable":true,"href":"https:\/\/dabas.vdevs.eu\/en\/wp-json\/wp\/v2\/licenca?post=781"}],"curies":[{"name":"wp","href":"https:\/\/api.w.org\/{rel}","templated":true}]}}