{"id":780,"date":"2025-08-20T14:48:07","date_gmt":"2025-08-20T12:48:07","guid":{"rendered":"https:\/\/dabas.vdevs.eu\/proizvod\/naruto-shippuden-vibration-stars-uzumaki-figura-15cm-2\/"},"modified":"2025-08-20T14:48:07","modified_gmt":"2025-08-20T12:48:07","slug":"naruto-shippuden-vibration-stars-uzumaki-figura-15cm-2","status":"publish","type":"product","link":"https:\/\/dabas.vdevs.eu\/en\/proizvod\/naruto-shippuden-vibration-stars-uzumaki-figura-15cm-2\/","title":{"rendered":"Naruto Shippuden Vibration Stars Uzumaki figura 15cm"},"content":{"rendered":"<p><P>Naruto Shippuden Vibration Stars Uzumaki figura 15cm<\/P>  <P>Naruto Shippuden Vibration Stars Naruto Uzumaki figure<BR><STRONG>Veli\u010dina:<\/STRONG> 15 cm<BR><STRONG>Preporu\u010dena dob:<\/STRONG>&nbsp;+15 godina<BR><STRONG>Set:<\/STRONG> Vibration Stars<BR><STRONG>Brend:<\/STRONG> Banpresto<BR><STRONG>Proizvo\u0111a\u010d:<\/STRONG> BANDAI<\/P>  <P>Naruto Uzumaki, glavni&nbsp;lik Naruto Shippudena, bu\u010dan, hiperaktivan, adolescentan nind\u017ea koji konstantno \u017eeli biti priznat i po\u0161tovan, odli\u010dan je izbor za&nbsp;kolekciju figurica!<\/P><\/p>\n<p>4983164185973<\/p>\n","protected":false},"excerpt":{"rendered":"<p>Naruto Uzumaki, glavni lik Naruto Shippudena, bu\u010dan, hiperaktivan, adolescentan nind\u017ea koji konstantno \u017eeli biti priznat i po\u0161tovan, odli\u010dan je izbor za kolekciju figurica!<\/p>\n","protected":false},"featured_media":826,"comment_status":"open","ping_status":"open","template":"","meta":{"_acf_changed":false},"product_brand":[],"product_cat":[206],"product_tag":[21,22,23,25,481],"proizvodac":[],"serijal":[],"kolekcija":[],"licenca":[],"class_list":{"0":"post-780","1":"product","2":"type-product","3":"status-publish","4":"has-post-thumbnail","6":"product_cat-2-kf","7":"product_tag-anime","8":"product_tag-bandai","9":"product_tag-banpresto","10":"product_tag-kolekcionarske-figure","11":"product_tag-naruto","13":"first","14":"instock","15":"taxable","16":"shipping-taxable","17":"purchasable","18":"product-type-simple"},"acf":[],"_links":{"self":[{"href":"https:\/\/dabas.vdevs.eu\/en\/wp-json\/wp\/v2\/product\/780","targetHints":{"allow":["GET"]}}],"collection":[{"href":"https:\/\/dabas.vdevs.eu\/en\/wp-json\/wp\/v2\/product"}],"about":[{"href":"https:\/\/dabas.vdevs.eu\/en\/wp-json\/wp\/v2\/types\/product"}],"replies":[{"embeddable":true,"href":"https:\/\/dabas.vdevs.eu\/en\/wp-json\/wp\/v2\/comments?post=780"}],"wp:featuredmedia":[{"embeddable":true,"href":"https:\/\/dabas.vdevs.eu\/en\/wp-json\/wp\/v2\/media\/826"}],"wp:attachment":[{"href":"https:\/\/dabas.vdevs.eu\/en\/wp-json\/wp\/v2\/media?parent=780"}],"wp:term":[{"taxonomy":"product_brand","embeddable":true,"href":"https:\/\/dabas.vdevs.eu\/en\/wp-json\/wp\/v2\/product_brand?post=780"},{"taxonomy":"product_cat","embeddable":true,"href":"https:\/\/dabas.vdevs.eu\/en\/wp-json\/wp\/v2\/product_cat?post=780"},{"taxonomy":"product_tag","embeddable":true,"href":"https:\/\/dabas.vdevs.eu\/en\/wp-json\/wp\/v2\/product_tag?post=780"},{"taxonomy":"proizvodac","embeddable":true,"href":"https:\/\/dabas.vdevs.eu\/en\/wp-json\/wp\/v2\/proizvodac?post=780"},{"taxonomy":"serijal","embeddable":true,"href":"https:\/\/dabas.vdevs.eu\/en\/wp-json\/wp\/v2\/serijal?post=780"},{"taxonomy":"kolekcija","embeddable":true,"href":"https:\/\/dabas.vdevs.eu\/en\/wp-json\/wp\/v2\/kolekcija?post=780"},{"taxonomy":"licenca","embeddable":true,"href":"https:\/\/dabas.vdevs.eu\/en\/wp-json\/wp\/v2\/licenca?post=780"}],"curies":[{"name":"wp","href":"https:\/\/api.w.org\/{rel}","templated":true}]}}