{"id":778,"date":"2025-08-20T14:48:07","date_gmt":"2025-08-20T12:48:07","guid":{"rendered":"https:\/\/dabas.vdevs.eu\/proizvod\/my-hero-academia-izuku-midoriya-figura-15cm\/"},"modified":"2025-08-20T14:48:07","modified_gmt":"2025-08-20T12:48:07","slug":"my-hero-academia-izuku-midoriya-figura-15cm","status":"publish","type":"product","link":"https:\/\/dabas.vdevs.eu\/en\/proizvod\/my-hero-academia-izuku-midoriya-figura-15cm\/","title":{"rendered":"My Hero Academia Izuku Midoriya figura 15cm"},"content":{"rendered":"<p><P>My Hero Academia Izuku Midoriya figura 15cm<\/P>  <P><STRONG>My Hero Academia<\/STRONG> World Heroes Mission The Amazing Heroes Izuku Midoriya<BR><STRONG>Veli\u010dina:<\/STRONG> 15 cm<BR><STRONG>Preporu\u010dena dob:<\/STRONG> +15 godina<BR><STRONG>Napomena:<\/STRONG> Ovaj proizvod nije igra\u010dka niti je predvi\u0111en za igru, ve\u0107 predstavlja kolekcionarski predmet.<BR><STRONG>Brend:<\/STRONG> Banpresto<BR><STRONG>Proizvo\u0111a\u010d:<\/STRONG> BANDAI<\/P>  <P>Izuku Midoriya, lik iz japanske manga serije My Hero Academia odli\u010dan je odabir za va\u0161u kolekciju!<\/P><\/p>\n<p>4983164178814<\/p>\n","protected":false},"excerpt":{"rendered":"<p>Izuku Midoriya, lik iz japanske manga serije My Hero Academia odli\u010dan je odabir za va\u0161u kolekciju!<\/p>\n","protected":false},"featured_media":810,"comment_status":"open","ping_status":"open","template":"","meta":{"_acf_changed":false},"product_brand":[],"product_cat":[206],"product_tag":[21,22,23,25,480],"proizvodac":[],"serijal":[],"kolekcija":[],"licenca":[],"class_list":{"0":"post-778","1":"product","2":"type-product","3":"status-publish","4":"has-post-thumbnail","6":"product_cat-2-kf","7":"product_tag-anime","8":"product_tag-bandai","9":"product_tag-banpresto","10":"product_tag-kolekcionarske-figure","11":"product_tag-my-hero-academia","13":"first","14":"instock","15":"taxable","16":"shipping-taxable","17":"purchasable","18":"product-type-simple"},"acf":[],"_links":{"self":[{"href":"https:\/\/dabas.vdevs.eu\/en\/wp-json\/wp\/v2\/product\/778","targetHints":{"allow":["GET"]}}],"collection":[{"href":"https:\/\/dabas.vdevs.eu\/en\/wp-json\/wp\/v2\/product"}],"about":[{"href":"https:\/\/dabas.vdevs.eu\/en\/wp-json\/wp\/v2\/types\/product"}],"replies":[{"embeddable":true,"href":"https:\/\/dabas.vdevs.eu\/en\/wp-json\/wp\/v2\/comments?post=778"}],"wp:featuredmedia":[{"embeddable":true,"href":"https:\/\/dabas.vdevs.eu\/en\/wp-json\/wp\/v2\/media\/810"}],"wp:attachment":[{"href":"https:\/\/dabas.vdevs.eu\/en\/wp-json\/wp\/v2\/media?parent=778"}],"wp:term":[{"taxonomy":"product_brand","embeddable":true,"href":"https:\/\/dabas.vdevs.eu\/en\/wp-json\/wp\/v2\/product_brand?post=778"},{"taxonomy":"product_cat","embeddable":true,"href":"https:\/\/dabas.vdevs.eu\/en\/wp-json\/wp\/v2\/product_cat?post=778"},{"taxonomy":"product_tag","embeddable":true,"href":"https:\/\/dabas.vdevs.eu\/en\/wp-json\/wp\/v2\/product_tag?post=778"},{"taxonomy":"proizvodac","embeddable":true,"href":"https:\/\/dabas.vdevs.eu\/en\/wp-json\/wp\/v2\/proizvodac?post=778"},{"taxonomy":"serijal","embeddable":true,"href":"https:\/\/dabas.vdevs.eu\/en\/wp-json\/wp\/v2\/serijal?post=778"},{"taxonomy":"kolekcija","embeddable":true,"href":"https:\/\/dabas.vdevs.eu\/en\/wp-json\/wp\/v2\/kolekcija?post=778"},{"taxonomy":"licenca","embeddable":true,"href":"https:\/\/dabas.vdevs.eu\/en\/wp-json\/wp\/v2\/licenca?post=778"}],"curies":[{"name":"wp","href":"https:\/\/api.w.org\/{rel}","templated":true}]}}