{"id":776,"date":"2025-08-20T14:48:07","date_gmt":"2025-08-20T12:48:07","guid":{"rendered":"https:\/\/dabas.vdevs.eu\/proizvod\/naruto-shippuden-vibration-stars-uzumaki-figura-15cm\/"},"modified":"2025-08-20T14:48:07","modified_gmt":"2025-08-20T12:48:07","slug":"naruto-shippuden-vibration-stars-uzumaki-figura-15cm","status":"publish","type":"product","link":"https:\/\/dabas.vdevs.eu\/en\/proizvod\/naruto-shippuden-vibration-stars-uzumaki-figura-15cm\/","title":{"rendered":"Naruto Shippuden Vibration Stars Uzumaki figura 15cm"},"content":{"rendered":"<p><P>Naruto Shippuden Vibration Stars Uzumaki figura 15cm<\/P>  <P>Naruto Shippuden Vibration Stars Naruto Uzumaki figura <BR><STRONG>Veli\u010dina:<\/STRONG> 15 cm<BR><STRONG>Preporu\u010dena dob:<\/STRONG> +15 godina<BR><STRONG>Set:<\/STRONG> Vibration Stars<BR><STRONG>Brend:<\/STRONG> Banpresto<BR><STRONG>Proizvo\u0111a\u010d:<\/STRONG> BANDAI<\/P>  <P>Naruto Uzumaki, glavni&nbsp;lik Naruto mange i anime serije, bu\u010dan, hiperaktivan, adolescentan nind\u017ea koji konstantno \u017eeli biti priznat i po\u0161tovan, sav\u0161ena je figurica za&nbsp;va\u0161u kolekciju<\/P><\/p>\n<p>4983164189179<\/p>\n","protected":false},"excerpt":{"rendered":"<p>Naruto Uzumaki, glavni lik Naruto mange i anime serije, bu\u010dan, hiperaktivan, adolescentan nind\u017ea koji konstantno \u017eeli biti priznat i po\u0161tovan, sav\u0161ena je figurica za va\u0161u kolekciju<\/p>\n","protected":false},"featured_media":800,"comment_status":"open","ping_status":"open","template":"","meta":{"_acf_changed":false},"product_brand":[],"product_cat":[206],"product_tag":[21,22,23,25,481],"proizvodac":[],"serijal":[],"kolekcija":[],"licenca":[],"class_list":{"0":"post-776","1":"product","2":"type-product","3":"status-publish","4":"has-post-thumbnail","6":"product_cat-2-kf","7":"product_tag-anime","8":"product_tag-bandai","9":"product_tag-banpresto","10":"product_tag-kolekcionarske-figure","11":"product_tag-naruto","13":"first","14":"instock","15":"taxable","16":"shipping-taxable","17":"purchasable","18":"product-type-simple"},"acf":[],"_links":{"self":[{"href":"https:\/\/dabas.vdevs.eu\/en\/wp-json\/wp\/v2\/product\/776","targetHints":{"allow":["GET"]}}],"collection":[{"href":"https:\/\/dabas.vdevs.eu\/en\/wp-json\/wp\/v2\/product"}],"about":[{"href":"https:\/\/dabas.vdevs.eu\/en\/wp-json\/wp\/v2\/types\/product"}],"replies":[{"embeddable":true,"href":"https:\/\/dabas.vdevs.eu\/en\/wp-json\/wp\/v2\/comments?post=776"}],"wp:featuredmedia":[{"embeddable":true,"href":"https:\/\/dabas.vdevs.eu\/en\/wp-json\/wp\/v2\/media\/800"}],"wp:attachment":[{"href":"https:\/\/dabas.vdevs.eu\/en\/wp-json\/wp\/v2\/media?parent=776"}],"wp:term":[{"taxonomy":"product_brand","embeddable":true,"href":"https:\/\/dabas.vdevs.eu\/en\/wp-json\/wp\/v2\/product_brand?post=776"},{"taxonomy":"product_cat","embeddable":true,"href":"https:\/\/dabas.vdevs.eu\/en\/wp-json\/wp\/v2\/product_cat?post=776"},{"taxonomy":"product_tag","embeddable":true,"href":"https:\/\/dabas.vdevs.eu\/en\/wp-json\/wp\/v2\/product_tag?post=776"},{"taxonomy":"proizvodac","embeddable":true,"href":"https:\/\/dabas.vdevs.eu\/en\/wp-json\/wp\/v2\/proizvodac?post=776"},{"taxonomy":"serijal","embeddable":true,"href":"https:\/\/dabas.vdevs.eu\/en\/wp-json\/wp\/v2\/serijal?post=776"},{"taxonomy":"kolekcija","embeddable":true,"href":"https:\/\/dabas.vdevs.eu\/en\/wp-json\/wp\/v2\/kolekcija?post=776"},{"taxonomy":"licenca","embeddable":true,"href":"https:\/\/dabas.vdevs.eu\/en\/wp-json\/wp\/v2\/licenca?post=776"}],"curies":[{"name":"wp","href":"https:\/\/api.w.org\/{rel}","templated":true}]}}