{"id":775,"date":"2025-08-20T14:48:07","date_gmt":"2025-08-20T12:48:07","guid":{"rendered":"https:\/\/dabas.vdevs.eu\/proizvod\/mha-banpresto-chronicle-tomura-shigaraki-figura-18cm\/"},"modified":"2025-08-20T14:48:07","modified_gmt":"2025-08-20T12:48:07","slug":"mha-banpresto-chronicle-tomura-shigaraki-figura-18cm","status":"publish","type":"product","link":"https:\/\/dabas.vdevs.eu\/en\/proizvod\/mha-banpresto-chronicle-tomura-shigaraki-figura-18cm\/","title":{"rendered":"MHA Banpresto Chronicle Tomura Shigaraki figura 18cm"},"content":{"rendered":"<p><P>MHA&nbsp;Banpresto Chronicle Tomura Shigaraki figura 18cm<\/P>  <P>My Hero Academia Banpresto Chronicle vol.4 Tomura Shigaraki<BR><STRONG>Veli\u010dina:<\/STRONG> 18 cm<BR><STRONG>Preporu\u010dena dob:<\/STRONG> +15 godina<BR><STRONG>Napomena:<\/STRONG> Ovaj proizvod nije igra\u010dka niti je predvi\u0111en za igru, ve\u0107 predstavlja kolekcionarski predmet.<BR><STRONG>Set:<\/STRONG> Banpresto Chronicle<BR><STRONG>Brend:<\/STRONG> Banpresto<BR><STRONG>Proizvo\u0111a\u010d:<\/STRONG> BANDAI<BR><STRONG>Banpresto Chronicle<\/STRONG> figure su <STRONG>visokokvalitetne kolekcionarske<\/STRONG> figure koje je izradio Bandaijev brend Banpresto, poznata japanska tvrtka specijalizirana za proizvodnju robe vezane uz anime, mange&nbsp;te videoigre. <BR>Serija <STRONG>Chronicle<\/STRONG> predstavlja niz figura koje su posebno izra\u0111ene za bilje\u017eenje <STRONG>klju\u010dnih<\/STRONG> trenutaka, <STRONG>ikoni\u010dnih<\/STRONG> likova ili <STRONG>specifi\u010dnih<\/STRONG> tema iz popularnih fran\u0161iza. <BR>Ove su figure obi\u010dno dizajnirane da budu <STRONG>detaljnije<\/STRONG> i <STRONG>dinami\u010dnije<\/STRONG> u usporedbi s drugim standardnim Banpresto figurama. <BR>Banpresto, sada dio Bandai Namco-a, proizvodi ove figure za obo\u017eavatelje i kolekcionare koji u\u017eivaju u visokokvalitetnim replikama svojih omiljenih likova. <BR>Serija Chronicle \u010desto sadr\u017ei <STRONG>ograni\u010dena izdanja<\/STRONG>, <STRONG>detaljne skulpture<\/STRONG> i <STRONG>poze<\/STRONG> koje slave <STRONG>prekretnice<\/STRONG> u povijesti animea ili videoigara, \u0161to ih \u010dini vrijednima za kolekcionare.&nbsp; <BR><STRONG>Ukratko<\/STRONG>, figure Banpresto Chronicle <STRONG>vrhunske<\/STRONG> su <STRONG>kolekcionarske<\/STRONG> figure ograni\u010denog izdanja s <STRONG>posebnom pa\u017enjom na detalje<\/STRONG> i \u010desto prikazuju <STRONG>zna\u010dajne scene<\/STRONG> i\/ili likove iz manga i animea.<\/P>  <P>Tomura Shigaraki, lik iz popularne japanske manga serije My Hero Academia savr\u0161ena je figurica za va\u0161u villains kolekciju!<\/P><\/p>\n<p>4983164182606<\/p>\n","protected":false},"excerpt":{"rendered":"<p>Tomura Shigaraki, lik iz popularne japanske manga serije My Hero Academia savr\u0161ena je figurica za va\u0161u villains kolekciju!<\/p>\n","protected":false},"featured_media":794,"comment_status":"open","ping_status":"open","template":"","meta":{"_acf_changed":false},"product_brand":[],"product_cat":[206],"product_tag":[21,22,23,25,480],"proizvodac":[],"serijal":[],"kolekcija":[],"licenca":[],"class_list":{"0":"post-775","1":"product","2":"type-product","3":"status-publish","4":"has-post-thumbnail","6":"product_cat-2-kf","7":"product_tag-anime","8":"product_tag-bandai","9":"product_tag-banpresto","10":"product_tag-kolekcionarske-figure","11":"product_tag-my-hero-academia","13":"first","14":"instock","15":"taxable","16":"shipping-taxable","17":"purchasable","18":"product-type-simple"},"acf":[],"_links":{"self":[{"href":"https:\/\/dabas.vdevs.eu\/en\/wp-json\/wp\/v2\/product\/775","targetHints":{"allow":["GET"]}}],"collection":[{"href":"https:\/\/dabas.vdevs.eu\/en\/wp-json\/wp\/v2\/product"}],"about":[{"href":"https:\/\/dabas.vdevs.eu\/en\/wp-json\/wp\/v2\/types\/product"}],"replies":[{"embeddable":true,"href":"https:\/\/dabas.vdevs.eu\/en\/wp-json\/wp\/v2\/comments?post=775"}],"wp:featuredmedia":[{"embeddable":true,"href":"https:\/\/dabas.vdevs.eu\/en\/wp-json\/wp\/v2\/media\/794"}],"wp:attachment":[{"href":"https:\/\/dabas.vdevs.eu\/en\/wp-json\/wp\/v2\/media?parent=775"}],"wp:term":[{"taxonomy":"product_brand","embeddable":true,"href":"https:\/\/dabas.vdevs.eu\/en\/wp-json\/wp\/v2\/product_brand?post=775"},{"taxonomy":"product_cat","embeddable":true,"href":"https:\/\/dabas.vdevs.eu\/en\/wp-json\/wp\/v2\/product_cat?post=775"},{"taxonomy":"product_tag","embeddable":true,"href":"https:\/\/dabas.vdevs.eu\/en\/wp-json\/wp\/v2\/product_tag?post=775"},{"taxonomy":"proizvodac","embeddable":true,"href":"https:\/\/dabas.vdevs.eu\/en\/wp-json\/wp\/v2\/proizvodac?post=775"},{"taxonomy":"serijal","embeddable":true,"href":"https:\/\/dabas.vdevs.eu\/en\/wp-json\/wp\/v2\/serijal?post=775"},{"taxonomy":"kolekcija","embeddable":true,"href":"https:\/\/dabas.vdevs.eu\/en\/wp-json\/wp\/v2\/kolekcija?post=775"},{"taxonomy":"licenca","embeddable":true,"href":"https:\/\/dabas.vdevs.eu\/en\/wp-json\/wp\/v2\/licenca?post=775"}],"curies":[{"name":"wp","href":"https:\/\/api.w.org\/{rel}","templated":true}]}}