{"id":773,"date":"2025-08-20T14:48:06","date_gmt":"2025-08-20T12:48:06","guid":{"rendered":"https:\/\/dabas.vdevs.eu\/proizvod\/demon-slayer-tanjiro-kamado-figura-18cm\/"},"modified":"2025-08-20T14:48:06","modified_gmt":"2025-08-20T12:48:06","slug":"demon-slayer-tanjiro-kamado-figura-18cm","status":"publish","type":"product","link":"https:\/\/dabas.vdevs.eu\/en\/proizvod\/demon-slayer-tanjiro-kamado-figura-18cm\/","title":{"rendered":"Demon Slayer Tanjiro Kamado figura 18cm"},"content":{"rendered":"<p><P>Demon Slayer Tanjiro Kamado figura 18cm<\/P>  <P>Demon Slayer Kimetsu no Yaiba Maximatic Tanjiro Kamado <BR><STRONG>Veli\u010dina:<\/STRONG> 18 cm<BR><STRONG>Preporu\u010dena dob:<\/STRONG> 15+ godina<BR><STRONG>Tip proizvoda:<\/STRONG> Kolekcionarske figure<BR><STRONG>Brend: <\/STRONG>Banpresto<BR><STRONG>Proizvo\u0111a\u010d:<\/STRONG> BANDAI<BR><STRONG>Set:<\/STRONG> Maximatic<\/P>  <P>Tanjiro Kamado, dobrodu\u0161an&nbsp;i inteligentan dje\u010dak, glavni lik&nbsp;japanske manga serije Demon Slayer Kimesu no Yaiba, jedna je od figurica koja bi mogla obogatiti va\u0161u kolekciju&nbsp;<\/P><\/p>\n<p>4983164181968<\/p>\n","protected":false},"excerpt":{"rendered":"<p>Tanjiro Kamado, dobrodu\u0161an i inteligentan dje\u010dak, glavni lik japanske manga serije Demon Slayer Kimesu no Yaiba, jedna je od figurica koja bi mogla obogatiti va\u0161u kolekciju <\/p>\n","protected":false},"featured_media":790,"comment_status":"open","ping_status":"open","template":"","meta":{"_acf_changed":false},"product_brand":[],"product_cat":[206],"product_tag":[21,22,23,478,25,479],"proizvodac":[],"serijal":[],"kolekcija":[],"licenca":[],"class_list":{"0":"post-773","1":"product","2":"type-product","3":"status-publish","4":"has-post-thumbnail","6":"product_cat-2-kf","7":"product_tag-anime","8":"product_tag-bandai","9":"product_tag-banpresto","10":"product_tag-demon-slayer","11":"product_tag-kolekcionarske-figure","12":"product_tag-ufotable","14":"first","15":"instock","16":"taxable","17":"shipping-taxable","18":"purchasable","19":"product-type-simple"},"acf":[],"_links":{"self":[{"href":"https:\/\/dabas.vdevs.eu\/en\/wp-json\/wp\/v2\/product\/773","targetHints":{"allow":["GET"]}}],"collection":[{"href":"https:\/\/dabas.vdevs.eu\/en\/wp-json\/wp\/v2\/product"}],"about":[{"href":"https:\/\/dabas.vdevs.eu\/en\/wp-json\/wp\/v2\/types\/product"}],"replies":[{"embeddable":true,"href":"https:\/\/dabas.vdevs.eu\/en\/wp-json\/wp\/v2\/comments?post=773"}],"wp:featuredmedia":[{"embeddable":true,"href":"https:\/\/dabas.vdevs.eu\/en\/wp-json\/wp\/v2\/media\/790"}],"wp:attachment":[{"href":"https:\/\/dabas.vdevs.eu\/en\/wp-json\/wp\/v2\/media?parent=773"}],"wp:term":[{"taxonomy":"product_brand","embeddable":true,"href":"https:\/\/dabas.vdevs.eu\/en\/wp-json\/wp\/v2\/product_brand?post=773"},{"taxonomy":"product_cat","embeddable":true,"href":"https:\/\/dabas.vdevs.eu\/en\/wp-json\/wp\/v2\/product_cat?post=773"},{"taxonomy":"product_tag","embeddable":true,"href":"https:\/\/dabas.vdevs.eu\/en\/wp-json\/wp\/v2\/product_tag?post=773"},{"taxonomy":"proizvodac","embeddable":true,"href":"https:\/\/dabas.vdevs.eu\/en\/wp-json\/wp\/v2\/proizvodac?post=773"},{"taxonomy":"serijal","embeddable":true,"href":"https:\/\/dabas.vdevs.eu\/en\/wp-json\/wp\/v2\/serijal?post=773"},{"taxonomy":"kolekcija","embeddable":true,"href":"https:\/\/dabas.vdevs.eu\/en\/wp-json\/wp\/v2\/kolekcija?post=773"},{"taxonomy":"licenca","embeddable":true,"href":"https:\/\/dabas.vdevs.eu\/en\/wp-json\/wp\/v2\/licenca?post=773"}],"curies":[{"name":"wp","href":"https:\/\/api.w.org\/{rel}","templated":true}]}}